{"id":118,"date":"2021-03-15T11:57:17","date_gmt":"2021-03-15T15:57:17","guid":{"rendered":"https:\/\/fytcomputersolutions.com\/marquitech\/?page_id=118"},"modified":"2021-03-15T17:24:35","modified_gmt":"2021-03-15T21:24:35","slug":"contacto","status":"publish","type":"page","link":"https:\/\/fytcomputersolutions.com\/marquitech\/contacto\/","title":{"rendered":"Cont\u00e1ctanos"},"content":{"rendered":"<p>[et_pb_section fb_built=\u00bb1&#8243; custom_padding_last_edited=\u00bbon|desktop\u00bb next_background_color=\u00bb#ffffff\u00bb admin_label=\u00bbHeader\u00bb _builder_version=\u00bb4.9.2&#8243; use_background_color_gradient=\u00bbon\u00bb background_color_gradient_start=\u00bb#31ed31&#8243; background_color_gradient_end=\u00bb#1181c8&#8243; background_color_gradient_direction=\u00bb130deg\u00bb background_image=\u00bbhttps:\/\/fytcomputersolutions.com\/marquitech\/wp-content\/uploads\/2021\/03\/marketing-bg8-1.png\u00bb parallax=\u00bbon\u00bb custom_padding=\u00bb7vw||10vw||false|false\u00bb custom_padding_tablet=\u00bb100px||100px||true\u00bb custom_padding_phone=\u00bb||||true\u00bb bottom_divider_style=\u00bbramp2&#8243; bottom_divider_height=\u00bb250px\u00bb bottom_divider_flip=\u00bbhorizontal\u00bb bottom_divider_height_tablet=\u00bb150px\u00bb bottom_divider_height_phone=\u00bb110px\u00bb bottom_divider_height_last_edited=\u00bbon|phone\u00bb saved_tabs=\u00bball\u00bb][et_pb_row _builder_version=\u00bb3.25&#8243;][et_pb_column type=\u00bb4_4&#8243; _builder_version=\u00bb3.25&#8243; custom_padding=\u00bb|||\u00bb custom_padding__hover=\u00bb|||\u00bb][et_pb_text _builder_version=\u00bb4.9.2&#8243; text_font=\u00bbRoboto||||||||\u00bb text_text_color=\u00bb#000000&#8243; text_font_size=\u00bb16px\u00bb text_line_height=\u00bb1.8em\u00bb header_font=\u00bbRoboto|700|||||||\u00bb header_text_align=\u00bbcenter\u00bb header_text_color=\u00bb#000000&#8243; header_font_size=\u00bb80px\u00bb header_line_height=\u00bb1.2em\u00bb header_3_font=\u00bbRoboto|700||on|||||\u00bb header_3_text_align=\u00bbcenter\u00bb header_3_text_color=\u00bb#000000&#8243; header_3_font_size=\u00bb24px\u00bb header_3_letter_spacing=\u00bb10px\u00bb header_3_line_height=\u00bb2em\u00bb text_orientation=\u00bbcenter\u00bb background_layout=\u00bbdark\u00bb module_alignment=\u00bbcenter\u00bb text_font_size_last_edited=\u00bboff|desktop\u00bb header_font_size_tablet=\u00bb40px\u00bb header_font_size_phone=\u00bb32px\u00bb header_font_size_last_edited=\u00bbon|phone\u00bb header_3_font_size_tablet=\u00bb16px\u00bb header_3_font_size_phone=\u00bb14px\u00bb header_3_font_size_last_edited=\u00bbon|phone\u00bb header_3_letter_spacing_tablet=\u00bb5px\u00bb header_3_letter_spacing_phone=\u00bb\u00bb header_3_letter_spacing_last_edited=\u00bbon|tablet\u00bb header_text_shadow_style=\u00bbpreset3&#8243; header_text_shadow_blur_strength=\u00bb0.38em\u00bb header_text_shadow_color=\u00bb#FFFFFF\u00bb header_3_text_shadow_style=\u00bbpreset3&#8243; header_3_text_shadow_blur_strength=\u00bb0.38em\u00bb header_3_text_shadow_color=\u00bb#FFFFFF\u00bb]<\/p>\n<h3>Cont\u00e1ctanos<\/h3>\n<h1>Construyamos Juntos<\/h1>\n<p>[\/et_pb_text][et_pb_text _builder_version=\u00bb4.9.2&#8243; text_font=\u00bb||||||||\u00bb text_text_color=\u00bb#000000&#8243; text_font_size=\u00bb20px\u00bb text_line_height=\u00bb2em\u00bb ul_font=\u00bb||||||||\u00bb header_font=\u00bbRoboto|700|||||||\u00bb header_text_align=\u00bbcenter\u00bb header_font_size=\u00bb80px\u00bb header_line_height=\u00bb1.2em\u00bb header_3_font=\u00bbRoboto|700||on|||||\u00bb header_3_text_align=\u00bbcenter\u00bb header_3_text_color=\u00bb#ffffff\u00bb header_3_font_size=\u00bb24px\u00bb header_3_letter_spacing=\u00bb10px\u00bb header_3_line_height=\u00bb2em\u00bb text_orientation=\u00bbcenter\u00bb background_layout=\u00bbdark\u00bb max_width=\u00bb800px\u00bb module_alignment=\u00bbcenter\u00bb text_font_size_last_edited=\u00bboff|desktop\u00bb header_font_size_tablet=\u00bb40px\u00bb header_font_size_phone=\u00bb32px\u00bb header_font_size_last_edited=\u00bbon|phone\u00bb header_3_font_size_tablet=\u00bb16px\u00bb header_3_font_size_phone=\u00bb14px\u00bb header_3_font_size_last_edited=\u00bbon|phone\u00bb header_3_letter_spacing_tablet=\u00bb5px\u00bb header_3_letter_spacing_phone=\u00bb\u00bb header_3_letter_spacing_last_edited=\u00bbon|tablet\u00bb text_text_shadow_style=\u00bbpreset3&#8243; text_text_shadow_blur_strength=\u00bb0.38em\u00bb text_text_shadow_color=\u00bb#FFFFFF\u00bb]<\/p>\n<p><span>\u00abTodo acto de creaci\u00f3n es un acto de amor.\u00bb Leonardo Da Vinci<\/span><\/p>\n<p>[\/et_pb_text][\/et_pb_column][\/et_pb_row][\/et_pb_section][et_pb_section fb_built=\u00bb1&#8243; admin_label=\u00bbContact\u00bb _builder_version=\u00bb3.22&#8243; custom_padding=\u00bb80px||80px||true|false\u00bb saved_tabs=\u00bball\u00bb][et_pb_row _builder_version=\u00bb3.25&#8243; custom_margin=\u00bb40px|||\u00bb custom_padding=\u00bb|||\u00bb][et_pb_column type=\u00bb4_4&#8243; _builder_version=\u00bb3.25&#8243; custom_padding=\u00bb|||\u00bb custom_padding__hover=\u00bb|||\u00bb][et_pb_text _builder_version=\u00bb4.9.2&#8243; text_font=\u00bb||||||||\u00bb text_font_size=\u00bb16px\u00bb text_line_height=\u00bb2em\u00bb ul_font=\u00bb||||||||\u00bb header_font=\u00bb||||||||\u00bb header_2_font=\u00bbRoboto|700|||||||\u00bb header_2_font_size=\u00bb48px\u00bb header_2_line_height=\u00bb1.2em\u00bb header_3_font=\u00bb||||||||\u00bb text_orientation=\u00bbcenter\u00bb max_width=\u00bb800px\u00bb max_width_last_edited=\u00bboff|desktop\u00bb module_alignment=\u00bbcenter\u00bb custom_margin=\u00bb|||\u00bb custom_padding=\u00bb|||\u00bb header_2_font_size_tablet=\u00bb35px\u00bb header_2_font_size_phone=\u00bb28px\u00bb header_2_font_size_last_edited=\u00bbon|phone\u00bb header_2_text_shadow_style=\u00bbpreset3&#8243; header_2_text_shadow_blur_strength=\u00bb0.05em\u00bb header_2_text_shadow_color=\u00bb#000000&#8243;]<\/p>\n<h2>Env\u00edanos un mensaje<\/h2>\n<p>Si quiere crear presencia en internet o hacer crecer la que ya tiene, d\u00e9jenos sus datos y lo contactaremos.<\/p>\n<p>[\/et_pb_text][et_pb_contact_form captcha=\u00bboff\u00bb email=\u00bbfesparragoza@gmail.com\u00bb success_message=\u00bbGracias por formar parte de nuestra Comunidad\u00bb module_id=\u00bbet_pb_contact_form_0&#8243; _builder_version=\u00bb4.9.2&#8243; form_field_background_color=\u00bbrgba(110,130,208,0.04)\u00bb title_level=\u00bbh2&#8243; title_font=\u00bbRoboto|700|||||||\u00bb title_text_align=\u00bbcenter\u00bb title_font_size=\u00bb45px\u00bb title_line_height=\u00bb1.8em\u00bb form_field_font=\u00bbRoboto||||||||\u00bb form_field_font_size=\u00bb16px\u00bb form_field_line_height=\u00bb1.8em\u00bb custom_button=\u00bbon\u00bb button_text_size=\u00bb14px\u00bb button_text_color=\u00bb#ffffff\u00bb button_bg_color=\u00bb#1181c8&#8243; button_bg_color_gradient_start=\u00bb#f7828e\u00bb button_bg_color_gradient_end=\u00bb#fcb6ab\u00bb button_bg_color_gradient_direction=\u00bb90deg\u00bb button_border_width=\u00bb10px\u00bb button_border_color=\u00bbrgba(0,0,0,0)\u00bb button_border_radius=\u00bb4px\u00bb button_letter_spacing=\u00bb5px\u00bb button_font=\u00bbRoboto|700||on|||||\u00bb hover_enabled=\u00bb0&#8243; title_font_size_tablet=\u00bb35px\u00bb title_font_size_phone=\u00bb28px\u00bb title_font_size_last_edited=\u00bbon|phone\u00bb border_radii=\u00bbon|4px|4px|4px|4px\u00bb border_color_all=\u00bb#bec2d8&#8243; border_width_bottom=\u00bb3px\u00bb box_shadow_style_button=\u00bbpreset3&#8243; box_shadow_vertical_button=\u00bb20px\u00bb box_shadow_blur_button=\u00bb30px\u00bb box_shadow_spread_button=\u00bb-10px\u00bb box_shadow_color_button=\u00bbrgba(134,36,225,0.4)\u00bb form_background_color=\u00bbrgba(110,130,208,0.04)\u00bb button_letter_spacing_hover=\u00bb5.5px\u00bb button_bg_enable_color=\u00bbon\u00bb sticky_enabled=\u00bb0&#8243;][et_pb_contact_field field_id=\u00bbName\u00bb field_title=\u00bbNombre\u00bb _builder_version=\u00bb4.9.2&#8243; button_text_size__hover_enabled=\u00bboff\u00bb button_one_text_size__hover_enabled=\u00bboff\u00bb button_two_text_size__hover_enabled=\u00bboff\u00bb button_text_color__hover_enabled=\u00bboff\u00bb button_one_text_color__hover_enabled=\u00bboff\u00bb button_two_text_color__hover_enabled=\u00bboff\u00bb button_border_width__hover_enabled=\u00bboff\u00bb button_one_border_width__hover_enabled=\u00bboff\u00bb button_two_border_width__hover_enabled=\u00bboff\u00bb button_border_color__hover_enabled=\u00bboff\u00bb button_one_border_color__hover_enabled=\u00bboff\u00bb button_two_border_color__hover_enabled=\u00bboff\u00bb button_border_radius__hover_enabled=\u00bboff\u00bb button_one_border_radius__hover_enabled=\u00bboff\u00bb button_two_border_radius__hover_enabled=\u00bboff\u00bb button_letter_spacing__hover_enabled=\u00bboff\u00bb button_one_letter_spacing__hover_enabled=\u00bboff\u00bb button_two_letter_spacing__hover_enabled=\u00bboff\u00bb button_bg_color__hover_enabled=\u00bboff\u00bb button_one_bg_color__hover_enabled=\u00bboff\u00bb button_two_bg_color__hover_enabled=\u00bboff\u00bb][\/et_pb_contact_field][et_pb_contact_field field_id=\u00bbtelefono\u00bb field_title=\u00bbTel\u00e9fono\u00bb _builder_version=\u00bb4.9.2&#8243; _module_preset=\u00bbdefault\u00bb][\/et_pb_contact_field][et_pb_contact_field field_id=\u00bbweb\u00bb field_title=\u00bbSitio Web (opcional)\u00bb required_mark=\u00bboff\u00bb _builder_version=\u00bb4.9.2&#8243; _module_preset=\u00bbdefault\u00bb][\/et_pb_contact_field][et_pb_contact_field field_id=\u00bbEmail\u00bb field_title=\u00bbEmail\u00bb field_type=\u00bbemail\u00bb _builder_version=\u00bb4.9.2&#8243; button_text_size__hover_enabled=\u00bboff\u00bb button_one_text_size__hover_enabled=\u00bboff\u00bb button_two_text_size__hover_enabled=\u00bboff\u00bb button_text_color__hover_enabled=\u00bboff\u00bb button_one_text_color__hover_enabled=\u00bboff\u00bb button_two_text_color__hover_enabled=\u00bboff\u00bb button_border_width__hover_enabled=\u00bboff\u00bb button_one_border_width__hover_enabled=\u00bboff\u00bb button_two_border_width__hover_enabled=\u00bboff\u00bb button_border_color__hover_enabled=\u00bboff\u00bb button_one_border_color__hover_enabled=\u00bboff\u00bb button_two_border_color__hover_enabled=\u00bboff\u00bb button_border_radius__hover_enabled=\u00bboff\u00bb button_one_border_radius__hover_enabled=\u00bboff\u00bb button_two_border_radius__hover_enabled=\u00bboff\u00bb button_letter_spacing__hover_enabled=\u00bboff\u00bb button_one_letter_spacing__hover_enabled=\u00bboff\u00bb button_two_letter_spacing__hover_enabled=\u00bboff\u00bb button_bg_color__hover_enabled=\u00bboff\u00bb button_one_bg_color__hover_enabled=\u00bboff\u00bb button_two_bg_color__hover_enabled=\u00bboff\u00bb][\/et_pb_contact_field][et_pb_contact_field field_id=\u00bbfacebook\u00bb field_title=\u00bbFacebook (Opcional)\u00bb required_mark=\u00bboff\u00bb _builder_version=\u00bb4.9.2&#8243; _module_preset=\u00bbdefault\u00bb][\/et_pb_contact_field][et_pb_contact_field field_id=\u00bbinstagram\u00bb field_title=\u00bbInstagram (Opcional)\u00bb required_mark=\u00bboff\u00bb _builder_version=\u00bb4.9.2&#8243; _module_preset=\u00bbdefault\u00bb][\/et_pb_contact_field][et_pb_contact_field field_id=\u00bbMessage\u00bb field_title=\u00bbMensaje\u00bb field_type=\u00bbtext\u00bb fullwidth_field=\u00bbon\u00bb _builder_version=\u00bb4.9.2&#8243; button_text_size__hover_enabled=\u00bboff\u00bb button_one_text_size__hover_enabled=\u00bboff\u00bb button_two_text_size__hover_enabled=\u00bboff\u00bb button_text_color__hover_enabled=\u00bboff\u00bb button_one_text_color__hover_enabled=\u00bboff\u00bb button_two_text_color__hover_enabled=\u00bboff\u00bb button_border_width__hover_enabled=\u00bboff\u00bb button_one_border_width__hover_enabled=\u00bboff\u00bb button_two_border_width__hover_enabled=\u00bboff\u00bb button_border_color__hover_enabled=\u00bboff\u00bb button_one_border_color__hover_enabled=\u00bboff\u00bb button_two_border_color__hover_enabled=\u00bboff\u00bb button_border_radius__hover_enabled=\u00bboff\u00bb button_one_border_radius__hover_enabled=\u00bboff\u00bb button_two_border_radius__hover_enabled=\u00bboff\u00bb button_letter_spacing__hover_enabled=\u00bboff\u00bb button_one_letter_spacing__hover_enabled=\u00bboff\u00bb button_two_letter_spacing__hover_enabled=\u00bboff\u00bb button_bg_color__hover_enabled=\u00bboff\u00bb button_one_bg_color__hover_enabled=\u00bboff\u00bb button_two_bg_color__hover_enabled=\u00bboff\u00bb][\/et_pb_contact_field][\/et_pb_contact_form][\/et_pb_column][\/et_pb_row][et_pb_row _builder_version=\u00bb3.25&#8243;][et_pb_column type=\u00bb4_4&#8243; _builder_version=\u00bb3.25&#8243; custom_padding=\u00bb|||\u00bb custom_padding__hover=\u00bb|||\u00bb][et_pb_social_media_follow icon_color=\u00bb#000000&#8243; _builder_version=\u00bb4.9.2&#8243; text_orientation=\u00bbcenter\u00bb border_radii=\u00bbon|34px|34px|34px|34px\u00bb][et_pb_social_media_follow_network social_network=\u00bbfacebook\u00bb url=\u00bbhttps:\/\/www.facebook.com\/marquitechgroup\u00bb _builder_version=\u00bb4.9.2&#8243; background_color=\u00bb#feda15&#8243; background_enable_color=\u00bbon\u00bb follow_button=\u00bboff\u00bb url_new_window=\u00bbon\u00bb]facebook[\/et_pb_social_media_follow_network][et_pb_social_media_follow_network social_network=\u00bbinstagram\u00bb url=\u00bbhttps:\/\/www.instagram.com\/marquitechgroup\/\u00bb _builder_version=\u00bb4.9.2&#8243; background_color=\u00bb#feda15&#8243; background_enable_color=\u00bbon\u00bb follow_button=\u00bboff\u00bb url_new_window=\u00bbon\u00bb]instagram[\/et_pb_social_media_follow_network][et_pb_social_media_follow_network social_network=\u00bbyoutube\u00bb _builder_version=\u00bb4.9.2&#8243; background_color=\u00bb#feda15&#8243; background_enable_color=\u00bbon\u00bb follow_button=\u00bboff\u00bb url_new_window=\u00bbon\u00bb]youtube[\/et_pb_social_media_follow_network][\/et_pb_social_media_follow][\/et_pb_column][\/et_pb_row][\/et_pb_section][et_pb_section fb_built=\u00bb1&#8243; custom_padding_last_edited=\u00bbon|desktop\u00bb prev_background_color=\u00bb#ffffff\u00bb admin_label=\u00bbFooter\u00bb _builder_version=\u00bb4.9.2&#8243; use_background_color_gradient=\u00bbon\u00bb background_color_gradient_start=\u00bb#31ed31&#8243; background_color_gradient_end=\u00bb#1181c8&#8243; background_color_gradient_direction=\u00bb130deg\u00bb background_image=\u00bbhttps:\/\/fytcomputersolutions.com\/marquitech\/wp-content\/uploads\/2021\/03\/marketing-bg6-1.png\u00bb parallax=\u00bbon\u00bb custom_padding=\u00bb10vw||7vw||false|false\u00bb custom_padding_tablet=\u00bb100px||100px||true\u00bb custom_padding_phone=\u00bb||||true\u00bb top_divider_style=\u00bbramp2&#8243; top_divider_height=\u00bb250px\u00bb top_divider_flip=\u00bbvertical\u00bb top_divider_height_tablet=\u00bb150px\u00bb top_divider_height_phone=\u00bb110px\u00bb top_divider_height_last_edited=\u00bbon|phone\u00bb saved_tabs=\u00bball\u00bb][et_pb_row column_structure=\u00bb1_4,1_2,1_4&#8243; admin_label=\u00bbSubscribe\u00bb _builder_version=\u00bb3.25&#8243; custom_padding=\u00bb|||\u00bb][et_pb_column type=\u00bb1_4&#8243; _builder_version=\u00bb3.25&#8243; custom_padding=\u00bb|||\u00bb custom_padding__hover=\u00bb|||\u00bb][\/et_pb_column][et_pb_column type=\u00bb1_2&#8243; _builder_version=\u00bb3.25&#8243; custom_padding=\u00bb|||\u00bb custom_padding__hover=\u00bb|||\u00bb][et_pb_signup mailchimp_list=\u00bbfesparragoza|53ee337201&#8243; first_name_field=\u00bboff\u00bb last_name_field=\u00bboff\u00bb title=\u00bbSuscribirme al Bolet\u00edn Semanal de Marquitech Group\u00bb use_spam_service=\u00bbon\u00bb recaptcha_list=\u00bbMarquitech-0&#8243; _builder_version=\u00bb4.9.2&#8243; form_field_background_color=\u00bbrgba(255,255,255,0.21)\u00bb form_field_text_color=\u00bb#ffffff\u00bb header_level=\u00bbh4&#8243; header_font=\u00bbRoboto|700|||||||\u00bb header_font_size=\u00bb32px\u00bb header_line_height=\u00bb1.4em\u00bb body_font=\u00bbRoboto||||||||\u00bb body_font_size=\u00bb16px\u00bb body_line_height=\u00bb1.8em\u00bb use_background_color=\u00bboff\u00bb custom_button=\u00bbon\u00bb button_text_size=\u00bb14px\u00bb button_text_color=\u00bb#000000&#8243; button_bg_color=\u00bb#feda15&#8243; button_bg_color_gradient_start=\u00bb#f7828e\u00bb button_bg_color_gradient_end=\u00bb#fcb6ab\u00bb button_bg_color_gradient_direction=\u00bb90deg\u00bb button_border_width=\u00bb10px\u00bb button_border_color=\u00bbrgba(0,0,0,0)\u00bb button_border_radius=\u00bb4px\u00bb button_letter_spacing=\u00bb5px\u00bb button_font=\u00bbRoboto|700||on|||||\u00bb button_icon_color=\u00bb#000000&#8243; text_orientation=\u00bbcenter\u00bb header_text_shadow_style=\u00bbpreset3&#8243; header_text_shadow_color=\u00bb#000000&#8243; border_color_all_fields=\u00bbrgba(255,255,255,0.3)\u00bb border_width_bottom_fields=\u00bb3px\u00bb box_shadow_style_button=\u00bbpreset3&#8243; box_shadow_vertical_button=\u00bb20px\u00bb box_shadow_blur_button=\u00bb30px\u00bb box_shadow_spread_button=\u00bb-10px\u00bb box_shadow_color_button=\u00bb#000000&#8243; button_letter_spacing_hover=\u00bb5.5px\u00bb button_text_size__hover_enabled=\u00bboff\u00bb button_one_text_size__hover_enabled=\u00bboff\u00bb button_two_text_size__hover_enabled=\u00bboff\u00bb button_text_color__hover_enabled=\u00bboff\u00bb button_one_text_color__hover_enabled=\u00bboff\u00bb button_two_text_color__hover_enabled=\u00bboff\u00bb button_border_width__hover_enabled=\u00bboff\u00bb button_one_border_width__hover_enabled=\u00bboff\u00bb button_two_border_width__hover_enabled=\u00bboff\u00bb button_border_color__hover_enabled=\u00bboff\u00bb button_one_border_color__hover_enabled=\u00bboff\u00bb button_two_border_color__hover_enabled=\u00bboff\u00bb button_border_radius__hover_enabled=\u00bboff\u00bb button_one_border_radius__hover_enabled=\u00bboff\u00bb button_two_border_radius__hover_enabled=\u00bboff\u00bb button_letter_spacing__hover_enabled=\u00bbon\u00bb button_letter_spacing__hover=\u00bb5.5px\u00bb button_one_letter_spacing__hover_enabled=\u00bboff\u00bb button_two_letter_spacing__hover_enabled=\u00bboff\u00bb button_bg_color__hover_enabled=\u00bboff\u00bb button_one_bg_color__hover_enabled=\u00bboff\u00bb button_two_bg_color__hover_enabled=\u00bboff\u00bb][\/et_pb_signup][\/et_pb_column][et_pb_column type=\u00bb1_4&#8243; _builder_version=\u00bb3.25&#8243; custom_padding=\u00bb|||\u00bb custom_padding__hover=\u00bb|||\u00bb][\/et_pb_column][\/et_pb_row][\/et_pb_section]<\/p>\n<span class=\"et_bloom_bottom_trigger\"><\/span>","protected":false},"excerpt":{"rendered":"<p>Cont\u00e1ctanos Construyamos Juntos\u00bbTodo acto de creaci\u00f3n es un acto de amor.\u00bb Leonardo Da VinciEnv\u00edanos un mensaje Si quiere crear presencia en internet o hacer crecer la que ya tiene, d\u00e9jenos sus datos y lo contactaremos.<\/p>\n","protected":false},"author":1,"featured_media":0,"parent":0,"menu_order":0,"comment_status":"closed","ping_status":"closed","template":"","meta":{"_et_pb_use_builder":"on","_et_pb_old_content":"","_et_gb_content_width":"","footnotes":""},"class_list":["post-118","page","type-page","status-publish","hentry"],"yoast_head":"<!-- This site is optimized with the Yoast SEO plugin v23.3 - https:\/\/yoast.com\/wordpress\/plugins\/seo\/ -->\n<title>Cont\u00e1ctanos | Marquitech<\/title>\n<meta name=\"robots\" content=\"index, follow, max-snippet:-1, max-image-preview:large, max-video-preview:-1\" \/>\n<link rel=\"canonical\" href=\"https:\/\/fytcomputersolutions.com\/marquitech\/contacto\/\" \/>\n<meta property=\"og:locale\" content=\"es_ES\" \/>\n<meta property=\"og:type\" content=\"article\" \/>\n<meta property=\"og:title\" content=\"Cont\u00e1ctanos | Marquitech\" \/>\n<meta property=\"og:description\" content=\"Cont\u00e1ctanos Construyamos Juntos&quot;Todo acto de creaci\u00f3n es un acto de amor.&quot; Leonardo Da VinciEnv\u00edanos un mensaje Si quiere crear presencia en internet o hacer crecer la que ya tiene, d\u00e9jenos sus datos y lo contactaremos.\" \/>\n<meta property=\"og:url\" content=\"https:\/\/fytcomputersolutions.com\/marquitech\/contacto\/\" \/>\n<meta property=\"og:site_name\" content=\"Marquitech\" \/>\n<meta property=\"article:publisher\" content=\"https:\/\/www.facebook.com\/marquitechgroup\/\" \/>\n<meta property=\"article:modified_time\" content=\"2021-03-15T21:24:35+00:00\" \/>\n<meta name=\"twitter:card\" content=\"summary_large_image\" \/>\n<meta name=\"twitter:label1\" content=\"Tiempo de lectura\" \/>\n\t<meta name=\"twitter:data1\" content=\"10 minutos\" \/>\n<script type=\"application\/ld+json\" class=\"yoast-schema-graph\">{\"@context\":\"https:\/\/schema.org\",\"@graph\":[{\"@type\":\"WebPage\",\"@id\":\"https:\/\/fytcomputersolutions.com\/marquitech\/contacto\/\",\"url\":\"https:\/\/fytcomputersolutions.com\/marquitech\/contacto\/\",\"name\":\"Cont\u00e1ctanos | Marquitech\",\"isPartOf\":{\"@id\":\"https:\/\/fytcomputersolutions.com\/marquitech\/#website\"},\"datePublished\":\"2021-03-15T15:57:17+00:00\",\"dateModified\":\"2021-03-15T21:24:35+00:00\",\"breadcrumb\":{\"@id\":\"https:\/\/fytcomputersolutions.com\/marquitech\/contacto\/#breadcrumb\"},\"inLanguage\":\"es\",\"potentialAction\":[{\"@type\":\"ReadAction\",\"target\":[\"https:\/\/fytcomputersolutions.com\/marquitech\/contacto\/\"]}]},{\"@type\":\"BreadcrumbList\",\"@id\":\"https:\/\/fytcomputersolutions.com\/marquitech\/contacto\/#breadcrumb\",\"itemListElement\":[{\"@type\":\"ListItem\",\"position\":1,\"name\":\"Portada\",\"item\":\"https:\/\/fytcomputersolutions.com\/marquitech\/\"},{\"@type\":\"ListItem\",\"position\":2,\"name\":\"Cont\u00e1ctanos\"}]},{\"@type\":\"WebSite\",\"@id\":\"https:\/\/fytcomputersolutions.com\/marquitech\/#website\",\"url\":\"https:\/\/fytcomputersolutions.com\/marquitech\/\",\"name\":\"Marquitech\",\"description\":\"Arquitectos de tu Estrategia Digital\",\"publisher\":{\"@id\":\"https:\/\/fytcomputersolutions.com\/marquitech\/#organization\"},\"potentialAction\":[{\"@type\":\"SearchAction\",\"target\":{\"@type\":\"EntryPoint\",\"urlTemplate\":\"https:\/\/fytcomputersolutions.com\/marquitech\/?s={search_term_string}\"},\"query-input\":\"required name=search_term_string\"}],\"inLanguage\":\"es\"},{\"@type\":\"Organization\",\"@id\":\"https:\/\/fytcomputersolutions.com\/marquitech\/#organization\",\"name\":\"Marquitech Group\",\"url\":\"https:\/\/fytcomputersolutions.com\/marquitech\/\",\"logo\":{\"@type\":\"ImageObject\",\"inLanguage\":\"es\",\"@id\":\"https:\/\/fytcomputersolutions.com\/marquitech\/#\/schema\/logo\/image\/\",\"url\":\"https:\/\/fytcomputersolutions.com\/marquitech\/wp-content\/uploads\/2021\/05\/logo.jpg\",\"contentUrl\":\"https:\/\/fytcomputersolutions.com\/marquitech\/wp-content\/uploads\/2021\/05\/logo.jpg\",\"width\":1250,\"height\":1250,\"caption\":\"Marquitech Group\"},\"image\":{\"@id\":\"https:\/\/fytcomputersolutions.com\/marquitech\/#\/schema\/logo\/image\/\"},\"sameAs\":[\"https:\/\/www.facebook.com\/marquitechgroup\/\",\"https:\/\/www.instagram.com\/marquitechgroup\/\"]}]}<\/script>\n<!-- \/ Yoast SEO plugin. -->","yoast_head_json":{"title":"Cont\u00e1ctanos | Marquitech","robots":{"index":"index","follow":"follow","max-snippet":"max-snippet:-1","max-image-preview":"max-image-preview:large","max-video-preview":"max-video-preview:-1"},"canonical":"https:\/\/fytcomputersolutions.com\/marquitech\/contacto\/","og_locale":"es_ES","og_type":"article","og_title":"Cont\u00e1ctanos | Marquitech","og_description":"Cont\u00e1ctanos Construyamos Juntos\"Todo acto de creaci\u00f3n es un acto de amor.\" Leonardo Da VinciEnv\u00edanos un mensaje Si quiere crear presencia en internet o hacer crecer la que ya tiene, d\u00e9jenos sus datos y lo contactaremos.","og_url":"https:\/\/fytcomputersolutions.com\/marquitech\/contacto\/","og_site_name":"Marquitech","article_publisher":"https:\/\/www.facebook.com\/marquitechgroup\/","article_modified_time":"2021-03-15T21:24:35+00:00","twitter_card":"summary_large_image","twitter_misc":{"Tiempo de lectura":"10 minutos"},"schema":{"@context":"https:\/\/schema.org","@graph":[{"@type":"WebPage","@id":"https:\/\/fytcomputersolutions.com\/marquitech\/contacto\/","url":"https:\/\/fytcomputersolutions.com\/marquitech\/contacto\/","name":"Cont\u00e1ctanos | Marquitech","isPartOf":{"@id":"https:\/\/fytcomputersolutions.com\/marquitech\/#website"},"datePublished":"2021-03-15T15:57:17+00:00","dateModified":"2021-03-15T21:24:35+00:00","breadcrumb":{"@id":"https:\/\/fytcomputersolutions.com\/marquitech\/contacto\/#breadcrumb"},"inLanguage":"es","potentialAction":[{"@type":"ReadAction","target":["https:\/\/fytcomputersolutions.com\/marquitech\/contacto\/"]}]},{"@type":"BreadcrumbList","@id":"https:\/\/fytcomputersolutions.com\/marquitech\/contacto\/#breadcrumb","itemListElement":[{"@type":"ListItem","position":1,"name":"Portada","item":"https:\/\/fytcomputersolutions.com\/marquitech\/"},{"@type":"ListItem","position":2,"name":"Cont\u00e1ctanos"}]},{"@type":"WebSite","@id":"https:\/\/fytcomputersolutions.com\/marquitech\/#website","url":"https:\/\/fytcomputersolutions.com\/marquitech\/","name":"Marquitech","description":"Arquitectos de tu Estrategia Digital","publisher":{"@id":"https:\/\/fytcomputersolutions.com\/marquitech\/#organization"},"potentialAction":[{"@type":"SearchAction","target":{"@type":"EntryPoint","urlTemplate":"https:\/\/fytcomputersolutions.com\/marquitech\/?s={search_term_string}"},"query-input":"required name=search_term_string"}],"inLanguage":"es"},{"@type":"Organization","@id":"https:\/\/fytcomputersolutions.com\/marquitech\/#organization","name":"Marquitech Group","url":"https:\/\/fytcomputersolutions.com\/marquitech\/","logo":{"@type":"ImageObject","inLanguage":"es","@id":"https:\/\/fytcomputersolutions.com\/marquitech\/#\/schema\/logo\/image\/","url":"https:\/\/fytcomputersolutions.com\/marquitech\/wp-content\/uploads\/2021\/05\/logo.jpg","contentUrl":"https:\/\/fytcomputersolutions.com\/marquitech\/wp-content\/uploads\/2021\/05\/logo.jpg","width":1250,"height":1250,"caption":"Marquitech Group"},"image":{"@id":"https:\/\/fytcomputersolutions.com\/marquitech\/#\/schema\/logo\/image\/"},"sameAs":["https:\/\/www.facebook.com\/marquitechgroup\/","https:\/\/www.instagram.com\/marquitechgroup\/"]}]}},"_links":{"self":[{"href":"https:\/\/fytcomputersolutions.com\/marquitech\/wp-json\/wp\/v2\/pages\/118","targetHints":{"allow":["GET"]}}],"collection":[{"href":"https:\/\/fytcomputersolutions.com\/marquitech\/wp-json\/wp\/v2\/pages"}],"about":[{"href":"https:\/\/fytcomputersolutions.com\/marquitech\/wp-json\/wp\/v2\/types\/page"}],"author":[{"embeddable":true,"href":"https:\/\/fytcomputersolutions.com\/marquitech\/wp-json\/wp\/v2\/users\/1"}],"replies":[{"embeddable":true,"href":"https:\/\/fytcomputersolutions.com\/marquitech\/wp-json\/wp\/v2\/comments?post=118"}],"version-history":[{"count":9,"href":"https:\/\/fytcomputersolutions.com\/marquitech\/wp-json\/wp\/v2\/pages\/118\/revisions"}],"predecessor-version":[{"id":145,"href":"https:\/\/fytcomputersolutions.com\/marquitech\/wp-json\/wp\/v2\/pages\/118\/revisions\/145"}],"wp:attachment":[{"href":"https:\/\/fytcomputersolutions.com\/marquitech\/wp-json\/wp\/v2\/media?parent=118"}],"curies":[{"name":"wp","href":"https:\/\/api.w.org\/{rel}","templated":true}]}}